{"id":26,"date":"2026-03-17T12:01:27","date_gmt":"2026-03-17T11:01:27","guid":{"rendered":"https:\/\/neu.klassenpinnwand.at\/?page_id=26"},"modified":"2026-04-16T09:55:48","modified_gmt":"2026-04-16T07:55:48","slug":"fuer-paedagoginnen","status":"publish","type":"page","link":"https:\/\/neu.klassenpinnwand.at\/?page_id=26","title":{"rendered":"F\u00fcr P\u00e4dagog:innen"},"content":{"rendered":"\n<blockquote class=\"wp-block-quote is-layout-flow wp-block-quote-is-layout-flow\">\n<div class=\"wp-block-buttons is-layout-flex wp-block-buttons-is-layout-flex\">\n<div class=\"wp-block-button\"><a class=\"wp-block-button__link wp-element-button\">Jetzt starten<\/a><\/div>\n<\/div>\n\n\n\n<h2 class=\"wp-block-heading\">Die perfekte Erg\u00e4nzung f\u00fcr internetgest\u00fctzten Unterricht &amp; Elternkommunikation!<\/h2>\n\n\n\n<p>&#8220;Genial einfach \u2013 ganz einfach genial.&#8221; so das Motto der Klassenpinnwand. Sie ist das Werkzeug f\u00fcr internetgest\u00fctzten Unterricht in der Volksschule.<br>hallo! &#8211; die App zur Klassenpinnwand erg\u00e4nzt ab sofort<\/p>\n\n\n\n<p> das Portfolio um die pers\u00f6nliche Elternkommunikation! Probieren Sie es einfach aus!<\/p>\n\n\n\n<div class=\"wp-block-group is-layout-grid wp-container-core-group-is-layout-478b6e6b wp-block-group-is-layout-grid\">\n<div class=\"wp-block-buttons is-layout-flex wp-block-buttons-is-layout-flex\">\n<div class=\"wp-block-button\"><a class=\"wp-block-button__link wp-element-button\">Jetzt starten<\/a><\/div>\n<\/div>\n\n\n\n<div class=\"wp-block-buttons is-layout-flex wp-block-buttons-is-layout-flex\">\n<div class=\"wp-block-button\"><a class=\"wp-block-button__link wp-element-button\" href=\"https:\/\/sso.edugroup.at\/idp\/profile\/oidc\/authorize?execution=e2s1\" target=\"_blank\" rel=\"noreferrer noopener\">Zum Lehrer Login<\/a><\/div>\n<\/div>\n<\/div>\n<\/blockquote>\n\n\n\n<p><\/p>\n","protected":false},"excerpt":{"rendered":"","protected":false},"author":1,"featured_media":0,"parent":10,"menu_order":0,"comment_status":"closed","ping_status":"closed","template":"","meta":{"footnotes":""},"class_list":["post-26","page","type-page","status-publish","hentry"],"_links":{"self":[{"href":"https:\/\/neu.klassenpinnwand.at\/index.php?rest_route=\/wp\/v2\/pages\/26","targetHints":{"allow":["GET"]}}],"collection":[{"href":"https:\/\/neu.klassenpinnwand.at\/index.php?rest_route=\/wp\/v2\/pages"}],"about":[{"href":"https:\/\/neu.klassenpinnwand.at\/index.php?rest_route=\/wp\/v2\/types\/page"}],"author":[{"embeddable":true,"href":"https:\/\/neu.klassenpinnwand.at\/index.php?rest_route=\/wp\/v2\/users\/1"}],"replies":[{"embeddable":true,"href":"https:\/\/neu.klassenpinnwand.at\/index.php?rest_route=%2Fwp%2Fv2%2Fcomments&post=26"}],"version-history":[{"count":4,"href":"https:\/\/neu.klassenpinnwand.at\/index.php?rest_route=\/wp\/v2\/pages\/26\/revisions"}],"predecessor-version":[{"id":145,"href":"https:\/\/neu.klassenpinnwand.at\/index.php?rest_route=\/wp\/v2\/pages\/26\/revisions\/145"}],"up":[{"embeddable":true,"href":"https:\/\/neu.klassenpinnwand.at\/index.php?rest_route=\/wp\/v2\/pages\/10"}],"wp:attachment":[{"href":"https:\/\/neu.klassenpinnwand.at\/index.php?rest_route=%2Fwp%2Fv2%2Fmedia&parent=26"}],"curies":[{"name":"wp","href":"https:\/\/api.w.org\/{rel}","templated":true}]}}